{"id":223,"date":"2025-10-28T23:38:49","date_gmt":"2025-10-28T23:38:49","guid":{"rendered":"https:\/\/domusterra.cl\/propiedades\/?post_type=product&#038;p=223"},"modified":"2025-10-30T21:59:18","modified_gmt":"2025-10-30T21:59:18","slug":"venta-de-casa-habitacion-domus-terra-2","status":"publish","type":"product","link":"https:\/\/domusterra.cl\/propiedades\/index.php\/producto\/venta-de-casa-habitacion-domus-terra-2\/","title":{"rendered":"Venta de Casa Habitaci\u00f3n  DOMUS TERRA"},"content":{"rendered":"<p>\ud83c\udf3f <strong>Tu nuevo hogar te espera en Linares<\/strong><\/p>\n<p>DOMUS TERRA vende esta hermosa <strong>casa habitaci\u00f3n de 193 m\u00b2<\/strong>, ubicada en <strong>Av. Ren\u00e9 Schneider<\/strong>, <strong>Villa Nemesio Ant\u00fanez<\/strong>, en la Ciudad de Linares, Con un dise\u00f1o c\u00f3modo y familiar.<\/p>\n<p>\ud83c\udfe0 <strong>Caracter\u00edsticas principales:<\/strong><\/p>\n<ul>\n<li>Living comedor amplio<\/li>\n<li>Cocina espaciosa<\/li>\n<li>3 dormitorios<\/li>\n<li>1 ba\u00f1o<\/li>\n<li>Sala de estar<\/li>\n<li>Bodega<\/li>\n<li>Balc\u00f3n<\/li>\n<li>\ud83d\udcb0 <strong>$130.000.000<\/strong><\/li>\n<\/ul>\n<p>\ud83c\udfe1 <strong>DOMUS TERRA \u2014 Donde comienzan las mejores historia<\/strong><\/p>\n","protected":false},"excerpt":{"rendered":"<h3>\ud83c\udfe1 Venta de Casa Habitaci\u00f3n \u2014 DOMUS TERRA<\/h3>\n<p>DOMUS TERRA presenta esta <strong>excelente oportunidad de vivienda<\/strong> en un sector residencial y conectado de la ciudad de <strong>Linares<\/strong>.<br \/>\nLa propiedad cuenta con una <strong>ubicaci\u00f3n privilegiada<\/strong> en plena Avenida Ren\u00e9 Schneider, con <strong>locomoci\u00f3n colectiva a la puerta<\/strong>, cercan\u00eda a <strong>consultorio, Bulevar Las Palmas y \u00e1reas verdes<\/strong> ideales para la familia.<\/p>\n<p>Una casa c\u00f3moda, funcional y con gran potencial, perfecta para quienes buscan calidad de vida y una ubicaci\u00f3n estrat\u00e9gica.<\/p>\n<p>\ud83d\udcde <strong>Cont\u00e1ctanos y agenda tu visita hoy mismo.<\/strong><br \/>\n<strong>DOMUS TERRA \u2014 Gesti\u00f3n Inmobiliaria Confiable.<\/strong><\/p>\n<p>&nbsp;<\/p>\n","protected":false},"featured_media":205,"comment_status":"open","ping_status":"closed","template":"","meta":[],"product_brand":[],"product_cat":[24],"product_tag":[26],"class_list":{"0":"post-223","1":"product","2":"type-product","3":"status-publish","4":"has-post-thumbnail","6":"product_cat-venta-casa-habitacion","7":"product_tag-domusterra-rene-schneide","9":"first","10":"instock","11":"shipping-taxable","12":"purchasable","13":"product-type-simple"},"_links":{"self":[{"href":"https:\/\/domusterra.cl\/propiedades\/index.php\/wp-json\/wp\/v2\/product\/223","targetHints":{"allow":["GET"]}}],"collection":[{"href":"https:\/\/domusterra.cl\/propiedades\/index.php\/wp-json\/wp\/v2\/product"}],"about":[{"href":"https:\/\/domusterra.cl\/propiedades\/index.php\/wp-json\/wp\/v2\/types\/product"}],"replies":[{"embeddable":true,"href":"https:\/\/domusterra.cl\/propiedades\/index.php\/wp-json\/wp\/v2\/comments?post=223"}],"wp:featuredmedia":[{"embeddable":true,"href":"https:\/\/domusterra.cl\/propiedades\/index.php\/wp-json\/wp\/v2\/media\/205"}],"wp:attachment":[{"href":"https:\/\/domusterra.cl\/propiedades\/index.php\/wp-json\/wp\/v2\/media?parent=223"}],"wp:term":[{"taxonomy":"product_brand","embeddable":true,"href":"https:\/\/domusterra.cl\/propiedades\/index.php\/wp-json\/wp\/v2\/product_brand?post=223"},{"taxonomy":"product_cat","embeddable":true,"href":"https:\/\/domusterra.cl\/propiedades\/index.php\/wp-json\/wp\/v2\/product_cat?post=223"},{"taxonomy":"product_tag","embeddable":true,"href":"https:\/\/domusterra.cl\/propiedades\/index.php\/wp-json\/wp\/v2\/product_tag?post=223"}],"curies":[{"name":"wp","href":"https:\/\/api.w.org\/{rel}","templated":true}]}}