{"id":351,"date":"2026-01-22T23:24:23","date_gmt":"2026-01-22T23:24:23","guid":{"rendered":"https:\/\/domusterra.cl\/propiedades\/?post_type=product&#038;p=351"},"modified":"2026-04-21T17:49:58","modified_gmt":"2026-04-21T17:49:58","slug":"domus-terra-vende-loteo-santa-olga-constitucion","status":"publish","type":"product","link":"https:\/\/domusterra.cl\/propiedades\/index.php\/producto\/domus-terra-vende-loteo-santa-olga-constitucion\/","title":{"rendered":"DOMUS TERRA VENDE LOTEO SANTA OLGA CONSTITUCION"},"content":{"rendered":"<p>\ud83c\udfe1 <strong>DOMUS TERRA VENDE LOTEO- SANTA OLGA\/CONSTITUCION<\/strong><\/p>\n<p><strong>\u00a0<\/strong>\ud83c\udfe1<strong> Loteo de parcelas de agrado \u2013 5.000 m\u00b2 en Santa Olga\/ Constituci\u00f3n<\/strong><\/p>\n<p data-start=\"275\" data-end=\"541\">Se vende <strong data-start=\"284\" data-end=\"315\">loteo de parcelas de agrado<\/strong>, compuesto por varias parcelas de <strong data-start=\"350\" data-end=\"362\">5.000 m\u00b2<\/strong>, ubicadas en <strong data-start=\"376\" data-end=\"414\">Santa Olga, comuna de Constituci\u00f3n<\/strong>, con <strong data-start=\"420\" data-end=\"479\">acceso directo desde la carretera camino a Constituci\u00f3n<\/strong>, lo que garantiza excelente conectividad durante todo el a\u00f1o.<\/p>\n<p data-start=\"543\" data-end=\"759\">Un proyecto pensado para quienes buscan <strong data-start=\"583\" data-end=\"637\">espacio, tranquilidad, contacto con la naturaleza<\/strong> y a pocas minutas de la playa, sin alejarse de la ciudad. Entorno natural, ideal para vivienda permanente, segunda vivienda o inversi\u00f3n con proyecci\u00f3n.<\/p>\n<p data-start=\"761\" data-end=\"902\">\u2714 Parcelas de 5.000 m\u00b2<br data-start=\"783\" data-end=\"786\" \/>\u2714 Acceso directo por carretera<br data-start=\"816\" data-end=\"819\" \/>\u2714 Sector tranquilo y rodeado de naturaleza<\/p>\n<p>\u2714Muy cerca de la playa<\/p>\n<p>\u2714 Excelente ubicaci\u00f3n y conectividad<\/p>\n<p>SE ADJUNTA MAPA DE LOS LOTES EN IM\u00c1GENES<\/p>\n<p data-start=\"904\" data-end=\"993\">Un lugar perfecto para construir, descansar y disfrutar de una vida m\u00e1s simple y natural.<\/p>\n","protected":false},"excerpt":{"rendered":"<p>\ud83c\udfe1 <strong>DOMUS TERRA VENDE LOTEO, SANTA OLGA\/CONSTITUCI\u00d3N<\/strong><\/p>\n<p><strong>VENTA DE LOTEO SANTA OLGA\/ CONSTITUCI\u00d3N<\/strong><\/p>\n<p>Se venden parcelas de agrado de <strong>5.000 m\u00b2<\/strong>, ubicadas en el sector Santa Olga, a solo 20<strong> minutos de Constituci\u00f3n y a 1 hora de Talca.<\/strong><\/p>\n<p>\u2714 Plano de loteo disponible<br \/>\n\u2714 Acceso a carretera \u00a0Constituci\u00f3n \/ servidumbre inscrita]<br \/>\n\u2714 Entorno natural y playa, ideal para vivienda o proyecto familiar<br \/>\n\u2714 Factibilidad de luz y agua de pozo<\/p>\n<p>Parcelas ideales para quienes buscan tranquilidad, contacto con la naturaleza y buena conectividad.<\/p>\n<p>\ud83d\udcb0 <strong>Precio desde: $50.000.000\u00a0\u00a0<\/strong><br \/>\n\ud83d\udcc4 Venta con rol propio<\/p>\n<p>\ud83d\udcf2 <strong>Cont\u00e1ctanos para m\u00e1s informaci\u00f3n o coordinar visita<\/strong><\/p>\n","protected":false},"featured_media":352,"comment_status":"open","ping_status":"closed","template":"","meta":[],"product_brand":[25],"product_cat":[18],"product_tag":[23],"class_list":{"0":"post-351","1":"product","2":"type-product","3":"status-publish","4":"has-post-thumbnail","6":"product_brand-domus-terra","7":"product_cat-parcelas","8":"product_tag-domus-terra","10":"first","11":"instock","12":"shipping-taxable","13":"purchasable","14":"product-type-simple"},"_links":{"self":[{"href":"https:\/\/domusterra.cl\/propiedades\/index.php\/wp-json\/wp\/v2\/product\/351","targetHints":{"allow":["GET"]}}],"collection":[{"href":"https:\/\/domusterra.cl\/propiedades\/index.php\/wp-json\/wp\/v2\/product"}],"about":[{"href":"https:\/\/domusterra.cl\/propiedades\/index.php\/wp-json\/wp\/v2\/types\/product"}],"replies":[{"embeddable":true,"href":"https:\/\/domusterra.cl\/propiedades\/index.php\/wp-json\/wp\/v2\/comments?post=351"}],"wp:featuredmedia":[{"embeddable":true,"href":"https:\/\/domusterra.cl\/propiedades\/index.php\/wp-json\/wp\/v2\/media\/352"}],"wp:attachment":[{"href":"https:\/\/domusterra.cl\/propiedades\/index.php\/wp-json\/wp\/v2\/media?parent=351"}],"wp:term":[{"taxonomy":"product_brand","embeddable":true,"href":"https:\/\/domusterra.cl\/propiedades\/index.php\/wp-json\/wp\/v2\/product_brand?post=351"},{"taxonomy":"product_cat","embeddable":true,"href":"https:\/\/domusterra.cl\/propiedades\/index.php\/wp-json\/wp\/v2\/product_cat?post=351"},{"taxonomy":"product_tag","embeddable":true,"href":"https:\/\/domusterra.cl\/propiedades\/index.php\/wp-json\/wp\/v2\/product_tag?post=351"}],"curies":[{"name":"wp","href":"https:\/\/api.w.org\/{rel}","templated":true}]}}