{"id":368,"date":"2026-01-25T13:45:55","date_gmt":"2026-01-25T13:45:55","guid":{"rendered":"https:\/\/domusterra.cl\/propiedades\/?post_type=product&#038;p=368"},"modified":"2026-01-25T13:58:49","modified_gmt":"2026-01-25T13:58:49","slug":"domus-terra-arrienda-casa-habitacion-en-linares-2","status":"publish","type":"product","link":"https:\/\/domusterra.cl\/propiedades\/index.php\/producto\/domus-terra-arrienda-casa-habitacion-en-linares-2\/","title":{"rendered":"DOMUS TERRA ARRIENDA CASA HABITACION EN LINARES"},"content":{"rendered":"<p><strong>DOMUS TERRA<\/strong> arrienda casa habitaci\u00f3n, ubicada en<strong> Villa Las Praderas, en la Ciudad de Linares<\/strong>, Con un dise\u00f1o c\u00f3modo y familiar.<\/p>\n<p>\ud83c\udfe0 <strong>Caracter\u00edsticas principales:<\/strong><\/p>\n<ul>\n<li>Living comedor<\/li>\n<li>Cocina<\/li>\n<li>Dormitorio principal con ba\u00f1o en suite y\u00a0 cl\u00f3set, primer piso<\/li>\n<li>Segundo\u00a0 ba\u00f1o, segundo piso<\/li>\n<li>Sala de estar<\/li>\n<li>Entrada de Veh\u00edculo<\/li>\n<li>\ud83d\udcb0 <strong>$420.000.-<\/strong><\/li>\n<li><strong>Port\u00f3n El\u00e9ctrico <\/strong><\/li>\n<\/ul>\n<p><strong>\ud83c\udfe1<\/strong><strong> DOMUS TERRA \u2014 Donde comienzan las mejores historias<\/strong><\/p>\n","protected":false},"excerpt":{"rendered":"<p>\ud83c\udfe0 DOMUS TERRA arrienda casa habitaci\u00f3n, ubicada en <strong>Villa las Praderas, en la Ciudad de Linare<\/strong>s, Con un dise\u00f1o c\u00f3modo y familiar.<\/p>\n<p>Casa habitaci\u00f3n ubicada al sector norte de la ciudad, cerca de la Avenida Circulaci\u00f3n Norte, lo que le permite una salida r\u00e1pida hacia otras ciudades, entorno pr\u00f3ximo tenemos el centro comercial Easy y Supermercado Santa Isabel, a solo 10 minutos del centro de Linares, cabe se\u00f1alar que es una casa relativamente nueva, con excelentes condiciones, tiene patio y entrada de veh\u00edculos, port\u00f3n el\u00e9ctrico, ideal para vivir en familia.<\/p>\n","protected":false},"featured_media":369,"comment_status":"open","ping_status":"closed","template":"","meta":[],"product_brand":[25],"product_cat":[16],"product_tag":[23,29],"class_list":{"0":"post-368","1":"product","2":"type-product","3":"status-publish","4":"has-post-thumbnail","6":"product_brand-domus-terra","7":"product_cat-arriendo","8":"product_tag-domus-terra","9":"product_tag-domus-terra-arrieda-casa-habitacion","11":"first","12":"instock","13":"shipping-taxable","14":"purchasable","15":"product-type-simple"},"_links":{"self":[{"href":"https:\/\/domusterra.cl\/propiedades\/index.php\/wp-json\/wp\/v2\/product\/368","targetHints":{"allow":["GET"]}}],"collection":[{"href":"https:\/\/domusterra.cl\/propiedades\/index.php\/wp-json\/wp\/v2\/product"}],"about":[{"href":"https:\/\/domusterra.cl\/propiedades\/index.php\/wp-json\/wp\/v2\/types\/product"}],"replies":[{"embeddable":true,"href":"https:\/\/domusterra.cl\/propiedades\/index.php\/wp-json\/wp\/v2\/comments?post=368"}],"wp:featuredmedia":[{"embeddable":true,"href":"https:\/\/domusterra.cl\/propiedades\/index.php\/wp-json\/wp\/v2\/media\/369"}],"wp:attachment":[{"href":"https:\/\/domusterra.cl\/propiedades\/index.php\/wp-json\/wp\/v2\/media?parent=368"}],"wp:term":[{"taxonomy":"product_brand","embeddable":true,"href":"https:\/\/domusterra.cl\/propiedades\/index.php\/wp-json\/wp\/v2\/product_brand?post=368"},{"taxonomy":"product_cat","embeddable":true,"href":"https:\/\/domusterra.cl\/propiedades\/index.php\/wp-json\/wp\/v2\/product_cat?post=368"},{"taxonomy":"product_tag","embeddable":true,"href":"https:\/\/domusterra.cl\/propiedades\/index.php\/wp-json\/wp\/v2\/product_tag?post=368"}],"curies":[{"name":"wp","href":"https:\/\/api.w.org\/{rel}","templated":true}]}}