{"id":389,"date":"2026-01-26T19:57:56","date_gmt":"2026-01-26T19:57:56","guid":{"rendered":"https:\/\/domusterra.cl\/propiedades\/?post_type=product&#038;p=389"},"modified":"2026-01-26T20:14:38","modified_gmt":"2026-01-26T20:14:38","slug":"venta-de-loteo-parcela-de-agrado-unihue-talca","status":"publish","type":"product","link":"https:\/\/domusterra.cl\/propiedades\/index.php\/producto\/venta-de-loteo-parcela-de-agrado-unihue-talca\/","title":{"rendered":"VENTA DE PARCELA DE AGRADO UNIHUE TALCA"},"content":{"rendered":"<p><strong>DOMUS TERRA VENDE LOTEO DE PARCELAS DE AGRADO 5.000 mts\u00b2 en UNIHUE-TALCA.<\/strong><\/p>\n<p>Se vende <strong data-start=\"284\" data-end=\"315\">loteo de parcelas de agrado<\/strong>,\u00a0 Condomio\u00a0 en Unihue, estas se ubican al Sur de la Ciudad de Talca, espec\u00edficamente en la comuna de Maule, compuesto por varias parcelas de <strong data-start=\"350\" data-end=\"362\">5.000 m\u00b2<\/strong>, con excelente conectividad ya sea a Maule-Tala o con la carretera 5 Sur, lo que garantiza excelente conectividad durante todo el a\u00f1o.<\/p>\n<p>\ud83c\udfe0 <strong>Caracter\u00edsticas principales<\/strong><\/p>\n<ul>\n<li>Parcelas de 5.000 mts\u00b2<\/li>\n<li>Rol Propio<\/li>\n<li>Electricidad<\/li>\n<li>Agua de Pozo<\/li>\n<li>Port\u00f3n El\u00e9ctrico entrada al Condomio<\/li>\n<li>A 10 minutos de la Carretera 5 sur<\/li>\n<li>\ud83d\udcb0 <strong>50.000.000<\/strong><\/li>\n<\/ul>\n<p><strong>\ud83c\udfe1<\/strong><strong> DOMUS TERRA \u2014 Donde comienzan las mejores historias<\/strong><\/p>\n","protected":false},"excerpt":{"rendered":"<p>\ud83c\udfe1 <strong>DOMUS TERRA VENDE LOTEO DE PARCELAS DE AGRADO 5.000 mts\u00b2 en UNIHUE-TALCA.<\/strong><\/p>\n<p>Un proyecto pensado para quienes buscan <strong data-start=\"583\" data-end=\"637\">espacio, tranquilidad, contacto con la naturaleza<\/strong> y a pocos minutos de la ciudad de Talca, sin alejarse de la ciudad. Entorno natural, ideal para vivienda permanente, segunda vivienda o inversi\u00f3n con proyecci\u00f3n. En fotograf\u00eda podemos apreciar algunos lotes ya vendidos y las hermosa casas y jardines que se pueden apreciar.<\/p>\n<p>Un lugar perfecto para construir, descansar y disfrutar de una vida m\u00e1s simple y natural.<\/p>\n<p>\ud83d\udcde <strong>Cont\u00e1ctanos y agenda tu visita hoy mismo.<\/strong><br \/>\n<strong>DOMUS TERRA \u2014 Gesti\u00f3n Inmobiliaria Confiable.<\/strong><\/p>\n<p>&nbsp;<\/p>\n","protected":false},"featured_media":393,"comment_status":"open","ping_status":"closed","template":"","meta":[],"product_brand":[25],"product_cat":[18],"product_tag":[30],"class_list":{"0":"post-389","1":"product","2":"type-product","3":"status-publish","4":"has-post-thumbnail","6":"product_brand-domus-terra","7":"product_cat-parcelas","8":"product_tag-domus-terra-vende-parcela-de-agrado-en-unihue-talca","10":"first","11":"instock","12":"shipping-taxable","13":"purchasable","14":"product-type-simple"},"_links":{"self":[{"href":"https:\/\/domusterra.cl\/propiedades\/index.php\/wp-json\/wp\/v2\/product\/389","targetHints":{"allow":["GET"]}}],"collection":[{"href":"https:\/\/domusterra.cl\/propiedades\/index.php\/wp-json\/wp\/v2\/product"}],"about":[{"href":"https:\/\/domusterra.cl\/propiedades\/index.php\/wp-json\/wp\/v2\/types\/product"}],"replies":[{"embeddable":true,"href":"https:\/\/domusterra.cl\/propiedades\/index.php\/wp-json\/wp\/v2\/comments?post=389"}],"wp:featuredmedia":[{"embeddable":true,"href":"https:\/\/domusterra.cl\/propiedades\/index.php\/wp-json\/wp\/v2\/media\/393"}],"wp:attachment":[{"href":"https:\/\/domusterra.cl\/propiedades\/index.php\/wp-json\/wp\/v2\/media?parent=389"}],"wp:term":[{"taxonomy":"product_brand","embeddable":true,"href":"https:\/\/domusterra.cl\/propiedades\/index.php\/wp-json\/wp\/v2\/product_brand?post=389"},{"taxonomy":"product_cat","embeddable":true,"href":"https:\/\/domusterra.cl\/propiedades\/index.php\/wp-json\/wp\/v2\/product_cat?post=389"},{"taxonomy":"product_tag","embeddable":true,"href":"https:\/\/domusterra.cl\/propiedades\/index.php\/wp-json\/wp\/v2\/product_tag?post=389"}],"curies":[{"name":"wp","href":"https:\/\/api.w.org\/{rel}","templated":true}]}}