{"id":511,"date":"2026-04-21T18:52:40","date_gmt":"2026-04-21T18:52:40","guid":{"rendered":"https:\/\/domusterra.cl\/propiedades\/?post_type=product&#038;p=511"},"modified":"2026-04-22T01:30:37","modified_gmt":"2026-04-22T01:30:37","slug":"vende-parcela-de-2-hectareas-con-casa-principal-y-cuidador-sector-retiro-a-10-km-de-parral","status":"publish","type":"product","link":"https:\/\/domusterra.cl\/propiedades\/index.php\/producto\/vende-parcela-de-2-hectareas-con-casa-principal-y-cuidador-sector-retiro-a-10-km-de-parral\/","title":{"rendered":"Vende Parcela  de 2 hectareas con  casa principal y  caba\u00f1a sector Retiro a 10 km de Parral"},"content":{"rendered":"<p>\ud83c\udfe0 <strong>DOMUS TERRA Vende Parcela de 2 hect\u00e1reas con casa habitaci\u00f3n a 10 km de Parral<\/strong><\/p>\n<p><strong>Excelente ubicaci\u00f3n<\/strong>, Ruta a Talhuenes, a 10 km de la Ciudad de Parral. Camino pavimentado. Queda muy cerca de la Escuela y\u00a0 Posta, camino a Talhuenes, localidad rural.<\/p>\n<p>Lugar paradisiaco, con mucha vegetaci\u00f3n, tranquilo y con excelente camino carretera Talhuenes, Parral.<\/p>\n<p><strong>Caracter\u00edsticas: <\/strong><\/p>\n<p>Parcela de 2 hect\u00e1reas con casa habitaci\u00f3n<\/p>\n<ul>\n<li>Terreno rodeado de vegetaci\u00f3n<\/li>\n<li>Living comedor, cocina americana<\/li>\n<li>3 dormitorios<\/li>\n<li>Sala que se usa como taller<\/li>\n<li>Biblioteca<\/li>\n<li>2 ba\u00f1o<\/li>\n<li>Jacuzzi<\/li>\n<li>Logia \u00a0(sala de lavado)<\/li>\n<li>Con agua Potable Rural<\/li>\n<li>Luz<\/li>\n<li>Piscina<\/li>\n<li>Estufa a Le\u00f1a<\/li>\n<li>Rol Propio<\/li>\n<li>Documentaci\u00f3n al d\u00eda<\/li>\n<li>Casa del Cuidador de 50 <strong>m\u00b2 (Caba\u00f1a ; Living comedor, 2 habitaciones, cocina y 1 ba\u00f1o)<\/strong><\/li>\n<\/ul>\n<ul>\n<li>\ud83d\udcb0 <strong>Valor: $350.000.000<\/strong><\/li>\n<\/ul>\n<p>Propiedad ideal para quien busca comodidad, buena conectividad, un entorno tranquilo y rodeado de naturaleza, ideal para vivir en el lugar de tus sue\u00f1os y muy cerca de la ciudad. Hermoso lugar rodeado de vegetaci\u00f3n, naturaleza, aire puro y una tranquilidad incomparable, con vista panor\u00e1mica y aire puro ideal para relajarse y recargar energ\u00edas.<\/p>\n","protected":false},"excerpt":{"rendered":"<p>\ud83c\udfe0 <strong>DOMUS TERRA Vende Parcela de 2 hect\u00e1reas con casa habitaci\u00f3n a 10 km de Parral<\/strong><\/p>\n<p>Se vende parcela de 2 hect\u00e1reas, con <strong>casa habitaci\u00f3n de aproximadamente 200 m\u00b2<\/strong>, y casa del cuidador de 50<strong> m\u00b2,<\/strong> ubicada en camino a Talhuenes, ruta L 700, a 10 km de Parral. Camino pavimentado. Queda muy cerca de la Escuela y\u00a0 Posta, camino a Talhuenes, localidad rural.<\/p>\n<p>&nbsp;<\/p>\n","protected":false},"featured_media":516,"comment_status":"open","ping_status":"closed","template":"","meta":[],"product_brand":[],"product_cat":[18],"product_tag":[23],"class_list":{"0":"post-511","1":"product","2":"type-product","3":"status-publish","4":"has-post-thumbnail","6":"product_cat-parcelas","7":"product_tag-domus-terra","9":"first","10":"instock","11":"shipping-taxable","12":"purchasable","13":"product-type-simple"},"_links":{"self":[{"href":"https:\/\/domusterra.cl\/propiedades\/index.php\/wp-json\/wp\/v2\/product\/511","targetHints":{"allow":["GET"]}}],"collection":[{"href":"https:\/\/domusterra.cl\/propiedades\/index.php\/wp-json\/wp\/v2\/product"}],"about":[{"href":"https:\/\/domusterra.cl\/propiedades\/index.php\/wp-json\/wp\/v2\/types\/product"}],"replies":[{"embeddable":true,"href":"https:\/\/domusterra.cl\/propiedades\/index.php\/wp-json\/wp\/v2\/comments?post=511"}],"wp:featuredmedia":[{"embeddable":true,"href":"https:\/\/domusterra.cl\/propiedades\/index.php\/wp-json\/wp\/v2\/media\/516"}],"wp:attachment":[{"href":"https:\/\/domusterra.cl\/propiedades\/index.php\/wp-json\/wp\/v2\/media?parent=511"}],"wp:term":[{"taxonomy":"product_brand","embeddable":true,"href":"https:\/\/domusterra.cl\/propiedades\/index.php\/wp-json\/wp\/v2\/product_brand?post=511"},{"taxonomy":"product_cat","embeddable":true,"href":"https:\/\/domusterra.cl\/propiedades\/index.php\/wp-json\/wp\/v2\/product_cat?post=511"},{"taxonomy":"product_tag","embeddable":true,"href":"https:\/\/domusterra.cl\/propiedades\/index.php\/wp-json\/wp\/v2\/product_tag?post=511"}],"curies":[{"name":"wp","href":"https:\/\/api.w.org\/{rel}","templated":true}]}}